{"id":468,"date":"2014-01-13T20:52:57","date_gmt":"2014-01-13T19:52:57","guid":{"rendered":"http:\/\/speelotheekdeschatkist.nl\/?post_type=product&#038;p=468"},"modified":"2026-03-25T17:45:06","modified_gmt":"2026-03-25T16:45:06","slug":"toren-van-pisa","status":"publish","type":"product","link":"https:\/\/speelotheekdeschatkist.nl\/?product=toren-van-pisa","title":{"rendered":"Toren van Pisa"},"content":{"rendered":"<p><strong>Doel: <\/strong><br \/>\nDit spel kan door 2 teams of 2 personen gespeeld worden.<br \/>\nHet aantal pionnen wordt evenredig over de deelnemers verdeeld. De dobbelsteen heeft rode, blauwe, halve rode en halve blauwe stickers. De bedoeling van het spel is om \u00e9\u00e9n voor \u00e9\u00e9n (om de beurt) een pion te plaatsen op de toren.<br \/>\nGooi je blauw met de dobbelsteen dan zet je de pion op blauw. Gooi je met de dobbelsteen een halve rode of blauwe sticker dan mag de andere partij direct een pion op die kleur plaatsen en nog een keer gooien.<br \/>\nWinnaar is diegene met de meeste pionnen op de toren.<br \/>\nElke pion is 10 punten waard. Voor elke pion die men niet heeft kunnen plaatsen op de toren, op het moment dat deze in elkaar stort, worden 10 punten in mindering gebracht.<\/p>\n<p><strong>Leeftijd:<\/strong> vanaf 6 jaar<\/p>\n<p><strong>Aantal spelers:<\/strong> 2<\/p>\n<p><strong>Afmetingen:<\/strong> bak 100*100 cm, hoogte van de toren 65 cm.<\/p>\n","protected":false},"excerpt":{"rendered":"<p>Doel: Dit spel kan door 2 teams of 2 personen gespeeld worden. Het aantal pionnen wordt evenredig over de deelnemers verdeeld. De dobbelsteen heeft rode, blauwe, halve rode en halve blauwe stickers. De bedoeling van het spel is om \u00e9\u00e9n voor \u00e9\u00e9n (om de beurt) een pion te plaatsen op de toren. Gooi je blauw [&hellip;]<\/p>\n","protected":false},"featured_media":8289,"comment_status":"open","ping_status":"closed","template":"","meta":{"_kadence_starter_templates_imported_post":false},"product_brand":[],"product_cat":[22],"product_tag":[],"class_list":{"0":"post-468","1":"product","2":"type-product","3":"status-publish","4":"has-post-thumbnail","6":"product_cat-diverse","8":"first","9":"instock","10":"sold-individually","11":"shipping-taxable","12":"purchasable","13":"product-type-simple"},"_links":{"self":[{"href":"https:\/\/speelotheekdeschatkist.nl\/index.php?rest_route=\/wp\/v2\/product\/468","targetHints":{"allow":["GET"]}}],"collection":[{"href":"https:\/\/speelotheekdeschatkist.nl\/index.php?rest_route=\/wp\/v2\/product"}],"about":[{"href":"https:\/\/speelotheekdeschatkist.nl\/index.php?rest_route=\/wp\/v2\/types\/product"}],"replies":[{"embeddable":true,"href":"https:\/\/speelotheekdeschatkist.nl\/index.php?rest_route=%2Fwp%2Fv2%2Fcomments&post=468"}],"wp:featuredmedia":[{"embeddable":true,"href":"https:\/\/speelotheekdeschatkist.nl\/index.php?rest_route=\/wp\/v2\/media\/8289"}],"wp:attachment":[{"href":"https:\/\/speelotheekdeschatkist.nl\/index.php?rest_route=%2Fwp%2Fv2%2Fmedia&parent=468"}],"wp:term":[{"taxonomy":"product_brand","embeddable":true,"href":"https:\/\/speelotheekdeschatkist.nl\/index.php?rest_route=%2Fwp%2Fv2%2Fproduct_brand&post=468"},{"taxonomy":"product_cat","embeddable":true,"href":"https:\/\/speelotheekdeschatkist.nl\/index.php?rest_route=%2Fwp%2Fv2%2Fproduct_cat&post=468"},{"taxonomy":"product_tag","embeddable":true,"href":"https:\/\/speelotheekdeschatkist.nl\/index.php?rest_route=%2Fwp%2Fv2%2Fproduct_tag&post=468"}],"curies":[{"name":"wp","href":"https:\/\/api.w.org\/{rel}","templated":true}]}}